{"id":960,"date":"2023-02-17T15:52:44","date_gmt":"2023-02-17T15:52:44","guid":{"rendered":"https:\/\/library.startertemplatecloud.com\/g19\/?page_id=960"},"modified":"2026-03-06T14:20:47","modified_gmt":"2026-03-06T14:20:47","slug":"frivillig","status":"publish","type":"page","link":"https:\/\/www.fripige.dk\/?page_id=960","title":{"rendered":"MOSTER S\u00d8STER"},"content":{"rendered":"<style>.kb-row-layout-id960_f5b99e-98 > .kt-row-column-wrap{align-content:center;}:where(.kb-row-layout-id960_f5b99e-98 > .kt-row-column-wrap) > .wp-block-kadence-column{justify-content:center;}.kb-row-layout-id960_f5b99e-98 > .kt-row-column-wrap{column-gap:var(--global-kb-gap-md, 2rem);row-gap:var(--global-kb-gap-md, 2rem);max-width:var( --global-content-width, 1320px );padding-left:var(--global-content-edge-padding);padding-right:var(--global-content-edge-padding);padding-top:var(--global-kb-spacing-xxl, 5rem);padding-bottom:var(--global-kb-spacing-xxl, 5rem);grid-template-columns:minmax(0, calc(45% - ((var(--global-kb-gap-md, 2rem) * 1 )\/2)))minmax(0, calc(55% - ((var(--global-kb-gap-md, 2rem) * 1 )\/2)));}.kb-row-layout-id960_f5b99e-98 > .kt-row-layout-overlay{opacity:0.00;}@media all and (max-width: 1024px){.kb-row-layout-id960_f5b99e-98 > .kt-row-column-wrap{padding-top:var(--global-kb-spacing-3xl, 6.5rem);padding-bottom:var(--global-kb-spacing-3xl, 6.5rem);grid-template-columns:minmax(0, 1fr);}}@media all and (max-width: 767px){.kb-row-layout-id960_f5b99e-98 > .kt-row-column-wrap{grid-template-columns:minmax(0, 1fr);}}<\/style><div class=\"kb-row-layout-wrap kb-row-layout-id960_f5b99e-98 alignfull has-theme-palette2-background-color kt-row-has-bg wp-block-kadence-rowlayout\"><div class=\"kt-row-column-wrap kt-has-2-columns kt-row-layout-equal kt-tab-layout-row kt-mobile-layout-row kt-row-valign-middle kb-theme-content-width\">\n<style>.kadence-column960_e278ea-da > .kt-inside-inner-col{padding-right:var(--global-kb-spacing-3xl, 6.5rem);}.kadence-column960_e278ea-da > .kt-inside-inner-col,.kadence-column960_e278ea-da > .kt-inside-inner-col:before{border-top-left-radius:0px;border-top-right-radius:0px;border-bottom-right-radius:0px;border-bottom-left-radius:0px;}.kadence-column960_e278ea-da > .kt-inside-inner-col{column-gap:var(--global-kb-gap-sm, 1rem);}.kadence-column960_e278ea-da > .kt-inside-inner-col{flex-direction:column;}.kadence-column960_e278ea-da > .kt-inside-inner-col > .aligncenter{width:100%;}.kadence-column960_e278ea-da > .kt-inside-inner-col:before{opacity:0.3;}.kadence-column960_e278ea-da{position:relative;}@media all and (max-width: 1024px){.kadence-column960_e278ea-da > .kt-inside-inner-col{padding-right:0px;flex-direction:column;justify-content:center;}}@media all and (max-width: 1024px){.kadence-column960_e278ea-da{text-align:center;}}@media all and (max-width: 767px){.kadence-column960_e278ea-da > .kt-inside-inner-col{flex-direction:column;justify-content:center;}}<\/style>\n<div class=\"wp-block-kadence-column kadence-column960_e278ea-da kb-section-dir-vertical inner-column-1\"><div class=\"kt-inside-inner-col\"><style>.wp-block-kadence-advancedheading.kt-adv-heading960_4bfec1-10, .wp-block-kadence-advancedheading.kt-adv-heading960_4bfec1-10[data-kb-block=\"kb-adv-heading960_4bfec1-10\"]{margin-top:0px;margin-bottom:var(--global-kb-spacing-lg, 3rem);font-size:var(--global-kb-font-size-xl, 3rem);line-height:1.2;font-style:normal;}.wp-block-kadence-advancedheading.kt-adv-heading960_4bfec1-10 mark.kt-highlight, .wp-block-kadence-advancedheading.kt-adv-heading960_4bfec1-10[data-kb-block=\"kb-adv-heading960_4bfec1-10\"] mark.kt-highlight{font-style:normal;color:#f76a0c;-webkit-box-decoration-break:clone;box-decoration-break:clone;padding-top:0px;padding-right:0px;padding-bottom:0px;padding-left:0px;}.wp-block-kadence-advancedheading.kt-adv-heading960_4bfec1-10 img.kb-inline-image, .wp-block-kadence-advancedheading.kt-adv-heading960_4bfec1-10[data-kb-block=\"kb-adv-heading960_4bfec1-10\"] img.kb-inline-image{width:150px;vertical-align:baseline;}@media all and (max-width: 1024px){.wp-block-kadence-advancedheading.kt-adv-heading960_4bfec1-10, .wp-block-kadence-advancedheading.kt-adv-heading960_4bfec1-10[data-kb-block=\"kb-adv-heading960_4bfec1-10\"]{text-align:center!important;}}<\/style>\n<h2 class=\"kt-adv-heading960_4bfec1-10 wp-block-kadence-advancedheading has-theme-palette-9-color has-text-color\" data-kb-block=\"kb-adv-heading960_4bfec1-10\">MOSTER S\u00d8STER hos FRIPIGE<\/h2>\n\n\n<style>.wp-block-kadence-advancedheading.kt-adv-heading960_977c9b-28, .wp-block-kadence-advancedheading.kt-adv-heading960_977c9b-28[data-kb-block=\"kb-adv-heading960_977c9b-28\"]{font-style:normal;}.wp-block-kadence-advancedheading.kt-adv-heading960_977c9b-28 mark.kt-highlight, .wp-block-kadence-advancedheading.kt-adv-heading960_977c9b-28[data-kb-block=\"kb-adv-heading960_977c9b-28\"] mark.kt-highlight{font-style:normal;color:#f76a0c;-webkit-box-decoration-break:clone;box-decoration-break:clone;padding-top:0px;padding-right:0px;padding-bottom:0px;padding-left:0px;}.wp-block-kadence-advancedheading.kt-adv-heading960_977c9b-28 img.kb-inline-image, .wp-block-kadence-advancedheading.kt-adv-heading960_977c9b-28[data-kb-block=\"kb-adv-heading960_977c9b-28\"] img.kb-inline-image{width:150px;vertical-align:baseline;}@media all and (max-width: 1024px){.wp-block-kadence-advancedheading.kt-adv-heading960_977c9b-28, .wp-block-kadence-advancedheading.kt-adv-heading960_977c9b-28[data-kb-block=\"kb-adv-heading960_977c9b-28\"]{text-align:center!important;}}<\/style>\n<p class=\"kt-adv-heading960_977c9b-28 wp-block-kadence-advancedheading has-theme-palette-1-color has-text-color\" data-kb-block=\"kb-adv-heading960_977c9b-28\">FRIPIGE er en non-profit organisation, hvor alle deler en passion for naturen, feminin og r\u00e5 empowerment! &#8211; og naturligvis at skabe et st\u00e6rkt f\u00e6llesskab for unge piger og kvinder.<br><br>Vi v\u00e6rds\u00e6tter, at alle investerer lige pr\u00e6sis d\u00e9t, de kan, har lyst til og er gode til.<br><br>Hos FRIPIGE f\u00e5r du plads til at v\u00e6re dig selv og v\u00e6lge de roller, der passer bedst til dig<\/p>\n<\/div><\/div>\n\n\n<style>.kadence-column960_2fb818-17 > .kt-inside-inner-col,.kadence-column960_2fb818-17 > .kt-inside-inner-col:before{border-top-left-radius:0px;border-top-right-radius:0px;border-bottom-right-radius:0px;border-bottom-left-radius:0px;}.kadence-column960_2fb818-17 > .kt-inside-inner-col{column-gap:var(--global-kb-gap-sm, 1rem);}.kadence-column960_2fb818-17 > .kt-inside-inner-col{flex-direction:column;}.kadence-column960_2fb818-17 > .kt-inside-inner-col > .aligncenter{width:100%;}.kadence-column960_2fb818-17 > .kt-inside-inner-col:before{opacity:0.3;}.kadence-column960_2fb818-17{position:relative;}@media all and (max-width: 1024px){.kadence-column960_2fb818-17 > .kt-inside-inner-col{flex-direction:column;justify-content:center;}}@media all and (max-width: 767px){.kadence-column960_2fb818-17 > .kt-inside-inner-col{flex-direction:column;justify-content:center;}}<\/style>\n<div class=\"wp-block-kadence-column kadence-column960_2fb818-17 inner-column-2\"><div class=\"kt-inside-inner-col\"><div class=\"wp-block-image\">\n<figure class=\"aligncenter size-large\"><img loading=\"lazy\" decoding=\"async\" width=\"1024\" height=\"640\" src=\"https:\/\/www.fripige.dk\/wp-content\/uploads\/2025\/08\/Frivillige-Fripige-1024x640.jpg\" alt=\"\" class=\"wp-image-1550\" srcset=\"https:\/\/www.fripige.dk\/wp-content\/uploads\/2025\/08\/Frivillige-Fripige-1024x640.jpg 1024w, https:\/\/www.fripige.dk\/wp-content\/uploads\/2025\/08\/Frivillige-Fripige-300x188.jpg 300w, https:\/\/www.fripige.dk\/wp-content\/uploads\/2025\/08\/Frivillige-Fripige-768x480.jpg 768w, https:\/\/www.fripige.dk\/wp-content\/uploads\/2025\/08\/Frivillige-Fripige-1536x961.jpg 1536w, https:\/\/www.fripige.dk\/wp-content\/uploads\/2025\/08\/Frivillige-Fripige-2048x1281.jpg 2048w, https:\/\/www.fripige.dk\/wp-content\/uploads\/2025\/08\/Frivillige-Fripige-600x375.jpg 600w\" sizes=\"auto, (max-width: 1024px) 100vw, 1024px\" \/><\/figure>\n<\/div><\/div><\/div>\n\n<\/div><\/div>\n\n<style>.kb-row-layout-id960_821921-4c > .kt-row-column-wrap{align-content:start;}:where(.kb-row-layout-id960_821921-4c > .kt-row-column-wrap) > .wp-block-kadence-column{justify-content:start;}.kb-row-layout-id960_821921-4c > .kt-row-column-wrap{column-gap:var(--global-kb-gap-lg, 4rem);row-gap:var(--global-kb-gap-md, 2rem);max-width:var( --global-content-width, 1320px );padding-left:var(--global-content-edge-padding);padding-right:var(--global-content-edge-padding);padding-top:var(--global-kb-spacing-sm, 1.5rem);padding-bottom:var(--global-kb-spacing-sm, 1.5rem);grid-template-columns:minmax(0, calc(46.2% - ((var(--global-kb-gap-lg, 4rem) * 1 )\/2)))minmax(0, calc(53.8% - ((var(--global-kb-gap-lg, 4rem) * 1 )\/2)));}.kb-row-layout-id960_821921-4c{border-top-left-radius:7px;border-top-right-radius:7px;border-bottom-right-radius:200px;border-bottom-left-radius:7px;overflow:clip;isolation:isolate;}.kb-row-layout-id960_821921-4c > .kt-row-layout-overlay{border-top-left-radius:7px;border-top-right-radius:7px;border-bottom-right-radius:200px;border-bottom-left-radius:7px;}.kb-row-layout-id960_821921-4c{background-color:#2d531a;}.kb-row-layout-id960_821921-4c > .kt-row-layout-overlay{opacity:0.30;}@media all and (max-width: 1024px){.kb-row-layout-id960_821921-4c > .kt-row-column-wrap{row-gap:var(--global-kb-gap-sm, 1rem);grid-template-columns:minmax(0, 1fr);}}@media all and (max-width: 767px){.kb-row-layout-id960_821921-4c > .kt-row-column-wrap{row-gap:var(--global-kb-gap-sm, 1rem);grid-template-columns:minmax(0, 1fr);}}<\/style><div class=\"kb-row-layout-wrap kb-row-layout-id960_821921-4c alignfull kt-row-has-bg wp-block-kadence-rowlayout\"><div class=\"kt-row-column-wrap kt-has-2-columns kt-row-layout-equal kt-tab-layout-row kt-mobile-layout-row kt-row-valign-top kb-theme-content-width\">\n<style>.kadence-column960_63a2c7-49 > .kt-inside-inner-col,.kadence-column960_63a2c7-49 > .kt-inside-inner-col:before{border-top-left-radius:0px;border-top-right-radius:0px;border-bottom-right-radius:0px;border-bottom-left-radius:0px;}.kadence-column960_63a2c7-49 > .kt-inside-inner-col{column-gap:var(--global-kb-gap-sm, 1rem);}.kadence-column960_63a2c7-49 > .kt-inside-inner-col{flex-direction:column;}.kadence-column960_63a2c7-49 > .kt-inside-inner-col > .aligncenter{width:100%;}.kadence-column960_63a2c7-49 > .kt-inside-inner-col{background-color:var(--global-palette3, #1A202C);}.kadence-column960_63a2c7-49 > .kt-inside-inner-col:before{opacity:0.3;}.kadence-column960_63a2c7-49{position:relative;}@media all and (max-width: 1024px){.kt-row-column-wrap.kt-tab-layout-three-grid > .kadence-column960_63a2c7-49, .kt-row-column-wrap.kt-tab-layout-two-grid > .kadence-column960_63a2c7-49, .kt-row-column-wrap.kt-tab-layout-row > .kadence-column960_63a2c7-49{order:2;}}@media all and (max-width: 1024px){.kadence-column960_63a2c7-49 > .kt-inside-inner-col{flex-direction:column;justify-content:center;}}@media all and (max-width: 767px){.kt-row-column-wrap.kt-mobile-layout-three-grid > .kadence-column960_63a2c7-49, .kt-row-column-wrap.kt-mobile-layout-two-grid > .kadence-column960_63a2c7-49, .kt-row-column-wrap.kt-mobile-layout-row > .kadence-column960_63a2c7-49{order:2 !important;}.kadence-column960_63a2c7-49 > .kt-inside-inner-col{flex-direction:column;justify-content:center;}}<\/style>\n<div class=\"wp-block-kadence-column kadence-column960_63a2c7-49 inner-column-2\"><div class=\"kt-inside-inner-col\"><style>.kadence-form-960_b2e457-58 .kb-form .kadence-blocks-form-field .kb-text-style-field, .kadence-form-960_b2e457-58 .kb-form .kadence-blocks-form-field .kb-select-style-field{color:var(--global-palette1, #3182CE);background:var(--global-palette5, #4A5568);border-color:var(--global-palette4, #2D3748);box-shadow:20px 20px 30px 0px rgba(0, 0, 0, 0.2);}.kadence-form-960_b2e457-58 .kb-form .kadence-blocks-form-field > label{color:var(--global-palette1, #3182CE);padding-top:0px;padding-right:0px;padding-bottom:0px;padding-left:0px;}.kb-form input.kadence-blocks-field.verify{opacity:0.0;position:absolute;top:0.0;left:0.0;width:0.0;height:0.0;z-index:-1;}<\/style>\n<div class=\"wp-block-kadence-form kadence-form-960_b2e457-58 kb-form-wrap\"><form class=\"kb-form\" action=\"\" method=\"post\"><div class=\"kadence-blocks-form-field kb-field-desk-width-100 kb-input-size-standard\"><label for=\"kb_field_960_b2e457-58_0\">Fulde navn<span class=\"required\">*<\/span><\/label><input name=\"kb_field_0\" id=\"kb_field_960_b2e457-58_0\" data-label=\"Fulde navn\" type=\"text\" placeholder=\"\" value=\"\" data-type=\"text\" class=\"kb-field kb-text-style-field kb-text-field kb-field-0\" data-required=\"yes\"\/><\/div><div class=\"kadence-blocks-form-field kb-form-field-1 kb-field-desk-width-100 kb-input-size-standard\"><label for=\"kb_field_960_b2e457-58_1\">Email<span class=\"required\">*<\/span><\/label><input name=\"kb_field_1\" id=\"kb_field_960_b2e457-58_1\" data-label=\"Email\" type=\"email\" placeholder=\"\" value=\"\" data-type=\"email\" class=\"kb-field kb-text-style-field kb-email-field kb-field-1\" data-required=\"yes\"\/><\/div><div class=\"kadence-blocks-form-field kb-form-field-2 kb-field-desk-width-100 kb-input-size-standard\"><label for=\"kb_field_960_b2e457-58_2\">Besked<span class=\"required\">*<\/span><\/label><textarea name=\"kb_field_2\" id=\"kb_field_960_b2e457-58_2\" data-label=\"Besked\" type=\"textarea\" placeholder=\"\" data-type=\"textarea\" class=\"kb-field kb-text-style-field kb-textarea-field kb-field-2\" rows=\"4\" data-required=\"yes\"><\/textarea><\/div><input type=\"hidden\" name=\"_kb_form_id\" value=\"960_b2e457-58\"\/><input type=\"hidden\" name=\"_kb_form_post_id\" value=\"960\"\/><input type=\"hidden\" name=\"action\" value=\"kb_process_ajax_submit\"\/><label class=\"kadence-verify-label\">Email<input class=\"kadence-blocks-field verify\" type=\"text\" name=\"_kb_verify_email\" autocomplete=\"new-password\" aria-hidden=\"true\" placeholder=\"Email\" tabindex=\"-1\" data-1p-ignore=\"true\" data-lpignore=\"true\" \/><\/label><div class=\"kadence-blocks-form-field kb-submit-field kb-field-desk-width-100\"><button class=\"kb-forms-submit button kb-button-size-standard kb-button-width-auto\">Send<\/button><\/div><\/form><\/div>\n<noscript><div class=\"kadence-blocks-form-message kadence-blocks-form-warning\">Please enable JavaScript in your browser to submit the form<\/div><style>.kadence-form-960_b2e457-58 .kadence-blocks-form-field.kb-submit-field { display: none; }<\/style><\/noscript><\/div><\/div>\n\n\n<style>.kadence-column960_92e06d-83 > .kt-inside-inner-col,.kadence-column960_92e06d-83 > .kt-inside-inner-col:before{border-top-left-radius:0px;border-top-right-radius:0px;border-bottom-right-radius:0px;border-bottom-left-radius:0px;}.kadence-column960_92e06d-83 > .kt-inside-inner-col{column-gap:var(--global-kb-gap-sm, 1rem);}.kadence-column960_92e06d-83 > .kt-inside-inner-col{flex-direction:column;}.kadence-column960_92e06d-83 > .kt-inside-inner-col > .aligncenter{width:100%;}.kadence-column960_92e06d-83 > .kt-inside-inner-col:before{opacity:0.3;}.kadence-column960_92e06d-83{position:relative;}@media all and (max-width: 1024px){.kadence-column960_92e06d-83 > .kt-inside-inner-col{padding-bottom:var(--global-kb-spacing-md, 2rem);flex-direction:column;justify-content:center;}}@media all and (max-width: 1024px){.kt-row-column-wrap.kt-tab-layout-three-grid > .kadence-column960_92e06d-83, .kt-row-column-wrap.kt-tab-layout-two-grid > .kadence-column960_92e06d-83, .kt-row-column-wrap.kt-tab-layout-row > .kadence-column960_92e06d-83{order:1;}}@media all and (max-width: 767px){.kt-row-column-wrap.kt-mobile-layout-three-grid > .kadence-column960_92e06d-83, .kt-row-column-wrap.kt-mobile-layout-two-grid > .kadence-column960_92e06d-83, .kt-row-column-wrap.kt-mobile-layout-row > .kadence-column960_92e06d-83{order:1 !important;}.kadence-column960_92e06d-83 > .kt-inside-inner-col{flex-direction:column;justify-content:center;}}<\/style>\n<div class=\"wp-block-kadence-column kadence-column960_92e06d-83 inner-column-1\"><div class=\"kt-inside-inner-col\">\n<h3 class=\"wp-block-heading\">SOM MOSTER S\u00d8STER KAN DU:<\/h3>\n\n\n\n<ul class=\"wp-block-list\">\n<li>Deltage p\u00e5 camps<\/li>\n\n\n\n<li>Arrangere og facilitere workshops<\/li>\n\n\n\n<li>Repr\u00e6sentere os p\u00e5 messer og festivaler<\/li>\n\n\n\n<li>Bidrage til vores markedsf\u00f8ring og SoMe<\/li>\n\n\n\n<li>S\u00f8ge fondsmidler<\/li>\n\n\n\n<li>F\u00e5 erfaring p\u00e5 dit CV <\/li>\n\n\n\n<li>og meget mere<\/li>\n<\/ul>\n\n\n\n<p>Lyder det som noget for dig?<br>Hvis du har interesse i at v\u00e6re med inden for et af ovenst\u00e5ende omr\u00e5der &#8211; ogs\u00e5 dem, der ikke er n\u00e6vnt her, s\u00e5 kontakt os, og vi finder den perfekte rolle til dig!<\/p>\n\n\n\n<p><br><\/p>\n<\/div><\/div>\n\n<\/div><\/div>\n\n\n<p><br><\/p>\n\n\n\n<p><\/p>\n","protected":false},"excerpt":{"rendered":"<p>MOSTER S\u00d8STER hos FRIPIGE FRIPIGE er en non-profit organisation, hvor alle deler en passion for naturen, feminin og r\u00e5 empowerment! &#8211; og naturligvis at skabe et st\u00e6rkt f\u00e6llesskab for unge&#8230;<\/p>\n","protected":false},"author":2,"featured_media":0,"parent":0,"menu_order":0,"comment_status":"closed","ping_status":"closed","template":"","meta":{"advanced_seo_description":"","jetpack_seo_html_title":"","jetpack_seo_noindex":false,"_EventAllDay":false,"_EventTimezone":"","_EventStartDate":"","_EventEndDate":"","_EventStartDateUTC":"","_EventEndDateUTC":"","_EventShowMap":false,"_EventShowMapLink":false,"_EventURL":"","_EventCost":"","_EventCostDescription":"","_EventCurrencySymbol":"","_EventCurrencyCode":"","_EventCurrencyPosition":"","_EventDateTimeSeparator":"","_EventTimeRangeSeparator":"","_EventOrganizerID":[],"_EventVenueID":[],"_OrganizerEmail":"","_OrganizerPhone":"","_OrganizerWebsite":"","_VenueAddress":"","_VenueCity":"","_VenueCountry":"","_VenueProvince":"","_VenueState":"","_VenueZip":"","_VenuePhone":"","_VenueURL":"","_VenueStateProvince":"","_VenueLat":"","_VenueLng":"","_VenueShowMap":false,"_VenueShowMapLink":false,"_kadence_starter_templates_imported_post":true,"_kad_post_transparent":"","_kad_post_title":"","_kad_post_layout":"","_kad_post_sidebar_id":"","_kad_post_content_style":"","_kad_post_vertical_padding":"","_kad_post_feature":"","_kad_post_feature_position":"","_kad_post_header":false,"_kad_post_footer":false,"footnotes":""},"class_list":["post-960","page","type-page","status-publish","hentry"],"jetpack_sharing_enabled":true,"_links":{"self":[{"href":"https:\/\/www.fripige.dk\/index.php?rest_route=\/wp\/v2\/pages\/960","targetHints":{"allow":["GET"]}}],"collection":[{"href":"https:\/\/www.fripige.dk\/index.php?rest_route=\/wp\/v2\/pages"}],"about":[{"href":"https:\/\/www.fripige.dk\/index.php?rest_route=\/wp\/v2\/types\/page"}],"author":[{"embeddable":true,"href":"https:\/\/www.fripige.dk\/index.php?rest_route=\/wp\/v2\/users\/2"}],"replies":[{"embeddable":true,"href":"https:\/\/www.fripige.dk\/index.php?rest_route=%2Fwp%2Fv2%2Fcomments&post=960"}],"version-history":[{"count":0,"href":"https:\/\/www.fripige.dk\/index.php?rest_route=\/wp\/v2\/pages\/960\/revisions"}],"wp:attachment":[{"href":"https:\/\/www.fripige.dk\/index.php?rest_route=%2Fwp%2Fv2%2Fmedia&parent=960"}],"curies":[{"name":"wp","href":"https:\/\/api.w.org\/{rel}","templated":true}]}}