{"id":1607,"date":"2025-10-01T07:34:12","date_gmt":"2025-10-01T07:34:12","guid":{"rendered":"https:\/\/www.fripige.dk\/?page_id=1607"},"modified":"2025-12-30T12:39:56","modified_gmt":"2025-12-30T12:39:56","slug":"v-event-underside-2","status":"publish","type":"page","link":"https:\/\/www.fripige.dk\/?page_id=1607","title":{"rendered":"V-Event 2_underside"},"content":{"rendered":"<style>.kb-row-layout-id1607_5d9c66-20 > .kt-row-column-wrap{align-content:start;}:where(.kb-row-layout-id1607_5d9c66-20 > .kt-row-column-wrap) > .wp-block-kadence-column{justify-content:start;}.kb-row-layout-id1607_5d9c66-20 > .kt-row-column-wrap{column-gap:var(--global-kb-gap-md, 2rem);row-gap:var(--global-kb-gap-md, 2rem);max-width:var( --global-content-width, 1320px );padding-left:var(--global-content-edge-padding);padding-right:var(--global-content-edge-padding);padding-top:var(--global-kb-spacing-xl, 4rem);padding-bottom:var(--global-kb-spacing-xl, 4rem);grid-template-columns:repeat(2, minmax(0, 1fr));}.kb-row-layout-id1607_5d9c66-20 > .kt-row-layout-overlay{opacity:0.30;}@media all and (max-width: 1024px){.kb-row-layout-id1607_5d9c66-20 > .kt-row-column-wrap{grid-template-columns:repeat(2, minmax(0, 1fr));}}@media all and (max-width: 767px){.kb-row-layout-id1607_5d9c66-20 > .kt-row-column-wrap{grid-template-columns:minmax(0, 1fr);}}<\/style><div class=\"kb-row-layout-wrap kb-row-layout-id1607_5d9c66-20 alignfull has-theme-palette2-background-color kt-row-has-bg wp-block-kadence-rowlayout\"><div class=\"kt-row-column-wrap kt-has-2-columns kt-row-layout-equal kt-tab-layout-inherit kt-mobile-layout-row kt-row-valign-top kb-theme-content-width\">\n<style>.kadence-column1607_49bd66-1e > .kt-inside-inner-col{min-height:480px;}.kadence-column1607_49bd66-1e > .kt-inside-inner-col,.kadence-column1607_49bd66-1e > .kt-inside-inner-col:before{border-top-left-radius:0px;border-top-right-radius:0px;border-bottom-right-radius:0px;border-bottom-left-radius:0px;}.kadence-column1607_49bd66-1e > .kt-inside-inner-col{column-gap:var(--global-kb-gap-sm, 1rem);}.kadence-column1607_49bd66-1e > .kt-inside-inner-col{flex-direction:column;}.kadence-column1607_49bd66-1e > .kt-inside-inner-col > .aligncenter{width:100%;}.kadence-column1607_49bd66-1e > .kt-inside-inner-col{background-image:url('https:\/\/www.fripige.dk\/wp-content\/uploads\/2025\/12\/andreas-rasmussen-Eyvbop4Rheg-unsplash-scaled.jpg');background-size:cover;background-position:24% 56.00000000000001%;background-attachment:scroll;background-repeat:no-repeat;}.kadence-column1607_49bd66-1e > .kt-inside-inner-col:before{opacity:0.3;}.kadence-column1607_49bd66-1e{position:relative;}@media all and (max-width: 1024px){.kadence-column1607_49bd66-1e > .kt-inside-inner-col{flex-direction:column;justify-content:center;}}@media all and (max-width: 767px){.kadence-column1607_49bd66-1e > .kt-inside-inner-col{flex-direction:column;justify-content:center;}}<\/style>\n<div class=\"wp-block-kadence-column kadence-column1607_49bd66-1e\"><div class=\"kt-inside-inner-col\"><\/div><\/div>\n\n\n<style>.kadence-column1607_a12035-b5 > .kt-inside-inner-col{display:flex;}.kadence-column1607_a12035-b5 > .kt-inside-inner-col{padding-right:var(--global-kb-spacing-md, 2rem);padding-left:var(--global-kb-spacing-md, 2rem);}.kadence-column1607_a12035-b5 > .kt-inside-inner-col,.kadence-column1607_a12035-b5 > .kt-inside-inner-col:before{border-top-left-radius:0px;border-top-right-radius:0px;border-bottom-right-radius:0px;border-bottom-left-radius:0px;}.kadence-column1607_a12035-b5 > .kt-inside-inner-col{column-gap:var(--global-kb-gap-sm, 1rem);}.kadence-column1607_a12035-b5 > .kt-inside-inner-col{flex-direction:column;justify-content:center;}.kadence-column1607_a12035-b5 > .kt-inside-inner-col > .aligncenter{width:100%;}.kt-row-column-wrap > .kadence-column1607_a12035-b5{align-self:center;}.kt-inner-column-height-full:not(.kt-has-1-columns) > .wp-block-kadence-column.kadence-column1607_a12035-b5{align-self:auto;}.kt-inner-column-height-full:not(.kt-has-1-columns) > .wp-block-kadence-column.kadence-column1607_a12035-b5 > .kt-inside-inner-col{flex-direction:column;justify-content:center;}.kadence-column1607_a12035-b5 > .kt-inside-inner-col:before{opacity:0.3;}.kadence-column1607_a12035-b5{position:relative;}@media all and (max-width: 1024px){.kt-row-column-wrap > .kadence-column1607_a12035-b5{align-self:center;}}@media all and (max-width: 1024px){.kt-inner-column-height-full:not(.kt-has-1-columns) > .wp-block-kadence-column.kadence-column1607_a12035-b5{align-self:auto;}}@media all and (max-width: 1024px){.kt-inner-column-height-full:not(.kt-has-1-columns) > .wp-block-kadence-column.kadence-column1607_a12035-b5 > .kt-inside-inner-col{flex-direction:column;justify-content:center;}}@media all and (max-width: 1024px){.kadence-column1607_a12035-b5 > .kt-inside-inner-col{flex-direction:column;justify-content:center;}}@media all and (max-width: 767px){.kt-row-column-wrap > .kadence-column1607_a12035-b5{align-self:center;}.kt-inner-column-height-full:not(.kt-has-1-columns) > .wp-block-kadence-column.kadence-column1607_a12035-b5{align-self:auto;}.kt-inner-column-height-full:not(.kt-has-1-columns) > .wp-block-kadence-column.kadence-column1607_a12035-b5 > .kt-inside-inner-col{flex-direction:column;justify-content:center;}.kadence-column1607_a12035-b5 > .kt-inside-inner-col{flex-direction:column;justify-content:center;}}<\/style>\n<div class=\"wp-block-kadence-column kadence-column1607_a12035-b5\"><div class=\"kt-inside-inner-col\"><style>.wp-block-kadence-advancedheading.kt-adv-heading1607_8f93af-d2, .wp-block-kadence-advancedheading.kt-adv-heading1607_8f93af-d2[data-kb-block=\"kb-adv-heading1607_8f93af-d2\"]{text-align:center;font-size:var(--global-kb-font-size-xl, 3rem);line-height:1.2;font-style:normal;}.wp-block-kadence-advancedheading.kt-adv-heading1607_8f93af-d2 mark.kt-highlight, .wp-block-kadence-advancedheading.kt-adv-heading1607_8f93af-d2[data-kb-block=\"kb-adv-heading1607_8f93af-d2\"] mark.kt-highlight{font-style:normal;color:#f76a0c;-webkit-box-decoration-break:clone;box-decoration-break:clone;padding-top:0px;padding-right:0px;padding-bottom:0px;padding-left:0px;}.wp-block-kadence-advancedheading.kt-adv-heading1607_8f93af-d2 img.kb-inline-image, .wp-block-kadence-advancedheading.kt-adv-heading1607_8f93af-d2[data-kb-block=\"kb-adv-heading1607_8f93af-d2\"] img.kb-inline-image{width:150px;vertical-align:baseline;}<\/style>\n<h2 class=\"kt-adv-heading1607_8f93af-d2 wp-block-kadence-advancedheading has-theme-palette-9-color has-text-color\" data-kb-block=\"kb-adv-heading1607_8f93af-d2\">UNESCO VANDRETUR<\/h2>\n\n\n<div class=\"wp-block-image\">\n<figure class=\"aligncenter size-large is-resized\"><img loading=\"lazy\" decoding=\"async\" width=\"1024\" height=\"1024\" src=\"https:\/\/www.fripige.dk\/wp-content\/uploads\/2025\/08\/fripige_logo_2024_01_hvid-1-1024x1024.png\" alt=\"\" class=\"wp-image-1534\" style=\"width:165px;height:auto\" srcset=\"https:\/\/www.fripige.dk\/wp-content\/uploads\/2025\/08\/fripige_logo_2024_01_hvid-1-1024x1024.png 1024w, https:\/\/www.fripige.dk\/wp-content\/uploads\/2025\/08\/fripige_logo_2024_01_hvid-1-300x300.png 300w, https:\/\/www.fripige.dk\/wp-content\/uploads\/2025\/08\/fripige_logo_2024_01_hvid-1-150x150.png 150w, https:\/\/www.fripige.dk\/wp-content\/uploads\/2025\/08\/fripige_logo_2024_01_hvid-1-768x768.png 768w, https:\/\/www.fripige.dk\/wp-content\/uploads\/2025\/08\/fripige_logo_2024_01_hvid-1-1536x1536.png 1536w, https:\/\/www.fripige.dk\/wp-content\/uploads\/2025\/08\/fripige_logo_2024_01_hvid-1-600x600.png 600w, https:\/\/www.fripige.dk\/wp-content\/uploads\/2025\/08\/fripige_logo_2024_01_hvid-1-100x100.png 100w, https:\/\/www.fripige.dk\/wp-content\/uploads\/2025\/08\/fripige_logo_2024_01_hvid-1.png 2000w\" sizes=\"auto, (max-width: 1024px) 100vw, 1024px\" \/><\/figure>\n<\/div><\/div><\/div>\n\n<\/div><\/div>\n\n<style>.kb-row-layout-id1607_d14b9a-3b > .kt-row-column-wrap{align-content:start;}:where(.kb-row-layout-id1607_d14b9a-3b > .kt-row-column-wrap) > .wp-block-kadence-column{justify-content:start;}.kb-row-layout-id1607_d14b9a-3b > .kt-row-column-wrap{column-gap:var(--global-kb-gap-md, 2rem);row-gap:var(--global-kb-gap-md, 2rem);max-width:var( --global-content-width, 1320px );padding-left:var(--global-content-edge-padding);padding-right:var(--global-content-edge-padding);padding-bottom:var(--global-kb-spacing-3xl, 6.5rem);grid-template-columns:minmax(0, calc(70% - ((var(--global-kb-gap-md, 2rem) * 1 )\/2)))minmax(0, calc(30% - ((var(--global-kb-gap-md, 2rem) * 1 )\/2)));}.kb-row-layout-id1607_d14b9a-3b > .kt-row-layout-overlay{opacity:0.80;}.kb-row-layout-id1607_d14b9a-3b ,.kb-row-layout-id1607_d14b9a-3b h1,.kb-row-layout-id1607_d14b9a-3b h2,.kb-row-layout-id1607_d14b9a-3b h3,.kb-row-layout-id1607_d14b9a-3b h4,.kb-row-layout-id1607_d14b9a-3b h5,.kb-row-layout-id1607_d14b9a-3b h6{color:var(--global-palette9, #ffffff);}.kb-row-layout-id1607_d14b9a-3b a{color:var(--global-palette8, #F7FAFC);}.kb-row-layout-id1607_d14b9a-3b a:hover{color:var(--global-palette7, #EDF2F7);}@media all and (max-width: 1024px){.kb-row-layout-id1607_d14b9a-3b > .kt-row-column-wrap{grid-template-columns:minmax(0, 1fr);}}@media all and (max-width: 767px){.kb-row-layout-id1607_d14b9a-3b > .kt-row-column-wrap{grid-template-columns:minmax(0, 1fr);}}<\/style><div class=\"kb-row-layout-wrap kb-row-layout-id1607_d14b9a-3b alignfull has-theme-palette2-background-color kt-row-has-bg wp-block-kadence-rowlayout\"><div class=\"kt-row-column-wrap kt-has-2-columns kt-row-layout-equal kt-tab-layout-row kt-mobile-layout-row kt-row-valign-top kb-theme-content-width\">\n<style>.kadence-column1607_04d08a-9e > .kt-inside-inner-col,.kadence-column1607_04d08a-9e > .kt-inside-inner-col:before{border-top-left-radius:0px;border-top-right-radius:0px;border-bottom-right-radius:0px;border-bottom-left-radius:0px;}.kadence-column1607_04d08a-9e > .kt-inside-inner-col{column-gap:var(--global-kb-gap-sm, 1rem);}.kadence-column1607_04d08a-9e > .kt-inside-inner-col{flex-direction:column;}.kadence-column1607_04d08a-9e > .kt-inside-inner-col > .aligncenter{width:100%;}.kadence-column1607_04d08a-9e > .kt-inside-inner-col:before{opacity:0.3;}.kadence-column1607_04d08a-9e{position:relative;}@media all and (max-width: 1024px){.kadence-column1607_04d08a-9e > .kt-inside-inner-col{flex-direction:column;justify-content:center;}}@media all and (max-width: 767px){.kadence-column1607_04d08a-9e > .kt-inside-inner-col{flex-direction:column;justify-content:center;}}<\/style>\n<div class=\"wp-block-kadence-column kadence-column1607_04d08a-9e\"><div class=\"kt-inside-inner-col\"><style>.wp-block-kadence-advancedheading.kt-adv-heading1607_4783fb-75, .wp-block-kadence-advancedheading.kt-adv-heading1607_4783fb-75[data-kb-block=\"kb-adv-heading1607_4783fb-75\"]{font-style:normal;}.wp-block-kadence-advancedheading.kt-adv-heading1607_4783fb-75 mark.kt-highlight, .wp-block-kadence-advancedheading.kt-adv-heading1607_4783fb-75[data-kb-block=\"kb-adv-heading1607_4783fb-75\"] mark.kt-highlight{font-style:normal;color:#f76a0c;-webkit-box-decoration-break:clone;box-decoration-break:clone;padding-top:0px;padding-right:0px;padding-bottom:0px;padding-left:0px;}.wp-block-kadence-advancedheading.kt-adv-heading1607_4783fb-75 img.kb-inline-image, .wp-block-kadence-advancedheading.kt-adv-heading1607_4783fb-75[data-kb-block=\"kb-adv-heading1607_4783fb-75\"] img.kb-inline-image{width:150px;vertical-align:baseline;}@media all and (max-width: 1024px){.wp-block-kadence-advancedheading.kt-adv-heading1607_4783fb-75, .wp-block-kadence-advancedheading.kt-adv-heading1607_4783fb-75[data-kb-block=\"kb-adv-heading1607_4783fb-75\"]{text-align:center!important;}}@media all and (max-width: 767px){.wp-block-kadence-advancedheading.kt-adv-heading1607_4783fb-75, .wp-block-kadence-advancedheading.kt-adv-heading1607_4783fb-75[data-kb-block=\"kb-adv-heading1607_4783fb-75\"]{font-size:var(--global-kb-font-size-md, 1.25rem);}}<\/style>\n<div class=\"kt-adv-heading1607_4783fb-75 wp-block-kadence-advancedheading has-theme-palette-9-color has-text-color\" data-kb-block=\"kb-adv-heading1607_4783fb-75\">23-25 maj 2026 \u2013 M\u00f8ns Klint, M\u00f8n<\/div>\n\n\n<style>.wp-block-kadence-advancedheading.kt-adv-heading1607_bc8f80-35, .wp-block-kadence-advancedheading.kt-adv-heading1607_bc8f80-35[data-kb-block=\"kb-adv-heading1607_bc8f80-35\"]{margin-top:0px;font-size:var(--global-kb-font-size-lg, 2rem);line-height:1.2;font-style:normal;}.wp-block-kadence-advancedheading.kt-adv-heading1607_bc8f80-35 mark.kt-highlight, .wp-block-kadence-advancedheading.kt-adv-heading1607_bc8f80-35[data-kb-block=\"kb-adv-heading1607_bc8f80-35\"] mark.kt-highlight{font-style:normal;color:#f76a0c;-webkit-box-decoration-break:clone;box-decoration-break:clone;padding-top:0px;padding-right:0px;padding-bottom:0px;padding-left:0px;}.wp-block-kadence-advancedheading.kt-adv-heading1607_bc8f80-35 img.kb-inline-image, .wp-block-kadence-advancedheading.kt-adv-heading1607_bc8f80-35[data-kb-block=\"kb-adv-heading1607_bc8f80-35\"] img.kb-inline-image{width:150px;vertical-align:baseline;}@media all and (max-width: 1024px){.wp-block-kadence-advancedheading.kt-adv-heading1607_bc8f80-35, .wp-block-kadence-advancedheading.kt-adv-heading1607_bc8f80-35[data-kb-block=\"kb-adv-heading1607_bc8f80-35\"]{text-align:center!important;}}<\/style>\n<h2 class=\"kt-adv-heading1607_bc8f80-35 wp-block-kadence-advancedheading has-theme-palette-9-color has-text-color\" data-kb-block=\"kb-adv-heading1607_bc8f80-35\">VANDRETUR med overnatning <\/h2>\n\n\n<style>.wp-block-kadence-advancedheading.kt-adv-heading1607_60bc63-d0, .wp-block-kadence-advancedheading.kt-adv-heading1607_60bc63-d0[data-kb-block=\"kb-adv-heading1607_60bc63-d0\"]{font-style:normal;}.wp-block-kadence-advancedheading.kt-adv-heading1607_60bc63-d0 mark.kt-highlight, .wp-block-kadence-advancedheading.kt-adv-heading1607_60bc63-d0[data-kb-block=\"kb-adv-heading1607_60bc63-d0\"] mark.kt-highlight{font-style:normal;color:#f76a0c;-webkit-box-decoration-break:clone;box-decoration-break:clone;padding-top:0px;padding-right:0px;padding-bottom:0px;padding-left:0px;}.wp-block-kadence-advancedheading.kt-adv-heading1607_60bc63-d0 img.kb-inline-image, .wp-block-kadence-advancedheading.kt-adv-heading1607_60bc63-d0[data-kb-block=\"kb-adv-heading1607_60bc63-d0\"] img.kb-inline-image{width:150px;vertical-align:baseline;}@media all and (max-width: 1024px){.wp-block-kadence-advancedheading.kt-adv-heading1607_60bc63-d0, .wp-block-kadence-advancedheading.kt-adv-heading1607_60bc63-d0[data-kb-block=\"kb-adv-heading1607_60bc63-d0\"]{text-align:center!important;}}<\/style>\n<p class=\"kt-adv-heading1607_60bc63-d0 wp-block-kadence-advancedheading has-theme-palette-1-color has-text-color\" data-kb-block=\"kb-adv-heading1607_60bc63-d0\">Vi g\u00e5r langs den legendariske klint, oplever UNESCO-sev\u00e6rdigheder, og sover i telt eller shelter. Her f\u00e5r du smag for at v\u00e6re ude \u2013 og en id\u00e9 om, hvordan det f\u00f8les at b\u00e6re din rygs\u00e6k over l\u00e6ngere tid.<br><br>Vi g\u00e5r sammen, holder pauser sammen, og hepper p\u00e5 hinanden -og bes\u00f8ger lokale l\u00e6kkerier undervejs. Du f\u00e5r pr\u00f8vet, hvordan det er at g\u00e5 en hel dag med oppakning \u2013 og at lande i et shelter eller telt om aftenen.<br><br>Det er en tur, der kr\u00e6ver lidt mere, men som ogs\u00e5 giver mere: F\u00f8lelsen af styrke, af grin, af tr\u00e6tte f\u00f8dder og varm kaffe, og hygge omkring b\u00e5let. Du beh\u00f8ver ikke v\u00e6re i topform \u2013 men du skal v\u00e6re nysgerrig p\u00e5, hvad du kan.<br>Denne weekend er ogs\u00e5 oplagt for dig der skal med til Himalaya.<br>Her f\u00e5r du en lille forsmag p\u00e5 at vandre l\u00e6ngere str\u00e6k \u2013 i smukke dejlige Danmark.<\/p>\n\n\n<style>.wp-block-kadence-advancedbtn.kb-btns1607_58878a-1a{gap:var(--global-kb-gap-xs, 0.5rem );justify-content:center;align-items:center;}.kt-btns1607_58878a-1a .kt-button{font-weight:normal;font-style:normal;}.kt-btns1607_58878a-1a .kt-btn-wrap-0{margin-right:5px;}.wp-block-kadence-advancedbtn.kt-btns1607_58878a-1a .kt-btn-wrap-0 .kt-button{color:#555555;border-color:#555555;}.wp-block-kadence-advancedbtn.kt-btns1607_58878a-1a .kt-btn-wrap-0 .kt-button:hover, .wp-block-kadence-advancedbtn.kt-btns1607_58878a-1a .kt-btn-wrap-0 .kt-button:focus{color:#ffffff;border-color:#444444;}.wp-block-kadence-advancedbtn.kt-btns1607_58878a-1a .kt-btn-wrap-0 .kt-button::before{display:none;}.wp-block-kadence-advancedbtn.kt-btns1607_58878a-1a .kt-btn-wrap-0 .kt-button:hover, .wp-block-kadence-advancedbtn.kt-btns1607_58878a-1a .kt-btn-wrap-0 .kt-button:focus{background:#444444;}<\/style>\n<div class=\"wp-block-kadence-advancedbtn kb-buttons-wrap kb-btns1607_58878a-1a\"><style>.wp-block-kadence-advancedbtn .kb-btn1607_a1f008-5b.kb-button, ul.menu .wp-block-kadence-advancedbtn .kb-btn1607_a1f008-5b.kb-button{width:350px;}<\/style><a class=\"kb-button kt-button button kb-btn1607_a1f008-5b kt-btn-size-standard kt-btn-width-type-fixed kb-btn-global-fill  kt-btn-has-text-true kt-btn-has-svg-false  wp-block-kadence-singlebtn\" href=\"https:\/\/fripige.nemtilmeld.dk\/31\/\" target=\"_blank\" rel=\"noreferrer noopener\"><span class=\"kt-btn-inner-text\">tilmeld<\/span><\/a><\/div>\n\n\n\n<figure class=\"wp-block-image size-full is-resized\"><img loading=\"lazy\" decoding=\"async\" width=\"300\" height=\"168\" src=\"https:\/\/www.fripige.dk\/wp-content\/uploads\/2025\/12\/Mons_klint.jpg\" alt=\"\" class=\"wp-image-1684\" style=\"width:549px;height:auto\"\/><\/figure>\n<\/div><\/div>\n\n\n<style>.kadence-column1607_e7296f-18 > .kt-inside-inner-col,.kadence-column1607_e7296f-18 > .kt-inside-inner-col:before{border-top-left-radius:0px;border-top-right-radius:0px;border-bottom-right-radius:0px;border-bottom-left-radius:0px;}.kadence-column1607_e7296f-18 > .kt-inside-inner-col{column-gap:var(--global-kb-gap-sm, 1rem);}.kadence-column1607_e7296f-18 > .kt-inside-inner-col{flex-direction:column;}.kadence-column1607_e7296f-18 > .kt-inside-inner-col > .aligncenter{width:100%;}.kadence-column1607_e7296f-18 > .kt-inside-inner-col:before{opacity:0.3;}.kadence-column1607_e7296f-18{position:relative;}@media all and (max-width: 1024px){.kadence-column1607_e7296f-18 > .kt-inside-inner-col{flex-direction:column;justify-content:center;}}@media all and (max-width: 767px){.kadence-column1607_e7296f-18 > .kt-inside-inner-col{flex-direction:column;justify-content:center;}}<\/style>\n<div class=\"wp-block-kadence-column kadence-column1607_e7296f-18\"><div class=\"kt-inside-inner-col\"><style>.kb-row-layout-id1607_b18cb4-24 > .kt-row-column-wrap{align-content:start;}:where(.kb-row-layout-id1607_b18cb4-24 > .kt-row-column-wrap) > .wp-block-kadence-column{justify-content:start;}.kb-row-layout-id1607_b18cb4-24 > .kt-row-column-wrap{column-gap:var(--global-kb-gap-md, 2rem);row-gap:var(--global-kb-gap-md, 2rem);padding-top:0px;padding-right:0px;padding-bottom:0px;padding-left:0px;grid-template-columns:minmax(0, 1fr);}.kb-row-layout-id1607_b18cb4-24 > .kt-row-layout-overlay{opacity:0.30;}@media all and (max-width: 1024px){.kb-row-layout-id1607_b18cb4-24 > .kt-row-column-wrap{padding-right:var(--global-kb-spacing-4xl, 8rem);padding-left:var(--global-kb-spacing-4xl, 8rem);grid-template-columns:minmax(0, 1fr);}}@media all and (max-width: 767px){.kb-row-layout-id1607_b18cb4-24 > .kt-row-column-wrap{padding-right:0px;padding-left:0px;grid-template-columns:minmax(0, 1fr);}}<\/style><div class=\"kb-row-layout-wrap kb-row-layout-id1607_b18cb4-24 alignnone wp-block-kadence-rowlayout\"><div class=\"kt-row-column-wrap kt-has-1-columns kt-row-layout-equal kt-tab-layout-inherit kt-mobile-layout-row kt-row-valign-top\">\n<style>.kadence-column1607_3ccca2-74 > .kt-inside-inner-col,.kadence-column1607_3ccca2-74 > .kt-inside-inner-col:before{border-top-left-radius:0px;border-top-right-radius:0px;border-bottom-right-radius:0px;border-bottom-left-radius:0px;}.kadence-column1607_3ccca2-74 > .kt-inside-inner-col{column-gap:var(--global-kb-gap-sm, 1rem);}.kadence-column1607_3ccca2-74 > .kt-inside-inner-col{flex-direction:column;}.kadence-column1607_3ccca2-74 > .kt-inside-inner-col > .aligncenter{width:100%;}.kadence-column1607_3ccca2-74 > .kt-inside-inner-col:before{opacity:0.3;}.kadence-column1607_3ccca2-74{position:relative;}@media all and (max-width: 1024px){.kadence-column1607_3ccca2-74 > .kt-inside-inner-col{flex-direction:column;justify-content:center;}}@media all and (max-width: 767px){.kadence-column1607_3ccca2-74 > .kt-inside-inner-col{flex-direction:column;justify-content:center;}}<\/style>\n<div class=\"wp-block-kadence-column kadence-column1607_3ccca2-74\"><div class=\"kt-inside-inner-col\">\n<p><br><\/p>\n<\/div><\/div>\n\n<\/div><\/div>\n\n\n<ul class=\"wp-block-list\">\n<li>Dato: 23.\u201325. maj 2026<\/li>\n\n\n\n<li>Sted: M\u00f8ns Klint, M\u00f8n<\/li>\n\n\n\n<li>Distance: Kommer<\/li>\n\n\n\n<li>Overnatning: Shelter eller telt (du v\u00e6lger selv)<\/li>\n\n\n\n<li>Inkluderet: Tur, f\u00e6llesmad, hygge ved b\u00e5let, bes\u00f8g hos lokale l\u00e6kkerier.<\/li>\n\n\n\n<li>Medbring: Rygs\u00e6k, sovepose, liggeunderlag, praktisk t\u00f8j, vandresko, snacks.<\/li>\n<\/ul>\n\n\n\n<p>Mangler du soveudstyr eller andet til weekenden, har du mulighed for at l\u00e5ne det af FRIPIGE. Ved sp\u00f8rgsm\u00e5l kan du fange os p\u00e5 FRIPIGE&#8217;s Messenger eller Instagram.<\/p>\n\n\n\n<p>F\u00e5r du mod p\u00e5 mere friluftsliv efter denne weekend, opfordrer vi dig til at se n\u00e6rmere p\u00e5 vores andre sp\u00e6ndende&nbsp;<a href=\"https:\/\/fripige.nemtilmeld.dk\/\" target=\"_blank\" rel=\"noreferrer noopener\">events<\/a>, som du ogs\u00e5 kan finde her p\u00e5 FRIPIGES Nemtilmeld-side.<\/p>\n\n\n\n<p><strong>Bem\u00e6rk<\/strong>: Alle FRIPIGEs V-events er forbeholdt kvinder&nbsp;over&nbsp;18 \u00e5r.<br><em>BONUS: Alt overskud g\u00e5r til FRIPIGEs aktiviteter for piger&nbsp;under&nbsp;18 \u00e5r.<\/em><br>Pr\u00e6cis lokation oplyses ved henvendelse\/tilmelding.<br><\/p>\n<\/div><\/div>\n\n<\/div><\/div>","protected":false},"excerpt":{"rendered":"<p>UNESCO VANDRETUR 23-25 maj 2026 \u2013 M\u00f8ns Klint, M\u00f8n VANDRETUR med overnatning Vi g\u00e5r langs den legendariske klint, oplever UNESCO-sev\u00e6rdigheder, og sover i telt eller shelter. Her f\u00e5r du smag&#8230;<\/p>\n","protected":false},"author":2,"featured_media":0,"parent":0,"menu_order":0,"comment_status":"closed","ping_status":"closed","template":"","meta":{"advanced_seo_description":"","jetpack_seo_html_title":"","jetpack_seo_noindex":false,"_EventAllDay":false,"_EventTimezone":"","_EventStartDate":"","_EventEndDate":"","_EventStartDateUTC":"","_EventEndDateUTC":"","_EventShowMap":false,"_EventShowMapLink":false,"_EventURL":"","_EventCost":"","_EventCostDescription":"","_EventCurrencySymbol":"","_EventCurrencyCode":"","_EventCurrencyPosition":"","_EventDateTimeSeparator":"","_EventTimeRangeSeparator":"","_EventOrganizerID":[],"_EventVenueID":[],"_OrganizerEmail":"","_OrganizerPhone":"","_OrganizerWebsite":"","_VenueAddress":"","_VenueCity":"","_VenueCountry":"","_VenueProvince":"","_VenueState":"","_VenueZip":"","_VenuePhone":"","_VenueURL":"","_VenueStateProvince":"","_VenueLat":"","_VenueLng":"","_VenueShowMap":false,"_VenueShowMapLink":false,"_kadence_starter_templates_imported_post":false,"_kad_post_transparent":"","_kad_post_title":"","_kad_post_layout":"","_kad_post_sidebar_id":"","_kad_post_content_style":"","_kad_post_vertical_padding":"","_kad_post_feature":"","_kad_post_feature_position":"","_kad_post_header":false,"_kad_post_footer":false,"footnotes":""},"class_list":["post-1607","page","type-page","status-publish","hentry"],"jetpack_sharing_enabled":true,"_links":{"self":[{"href":"https:\/\/www.fripige.dk\/index.php?rest_route=\/wp\/v2\/pages\/1607","targetHints":{"allow":["GET"]}}],"collection":[{"href":"https:\/\/www.fripige.dk\/index.php?rest_route=\/wp\/v2\/pages"}],"about":[{"href":"https:\/\/www.fripige.dk\/index.php?rest_route=\/wp\/v2\/types\/page"}],"author":[{"embeddable":true,"href":"https:\/\/www.fripige.dk\/index.php?rest_route=\/wp\/v2\/users\/2"}],"replies":[{"embeddable":true,"href":"https:\/\/www.fripige.dk\/index.php?rest_route=%2Fwp%2Fv2%2Fcomments&post=1607"}],"version-history":[{"count":0,"href":"https:\/\/www.fripige.dk\/index.php?rest_route=\/wp\/v2\/pages\/1607\/revisions"}],"wp:attachment":[{"href":"https:\/\/www.fripige.dk\/index.php?rest_route=%2Fwp%2Fv2%2Fmedia&parent=1607"}],"curies":[{"name":"wp","href":"https:\/\/api.w.org\/{rel}","templated":true}]}}